{"id":357,"date":"2014-09-13T20:27:58","date_gmt":"2014-09-13T20:27:58","guid":{"rendered":"http:\/\/totaltheme.wpengine.com\/neat\/?page_id=357"},"modified":"2026-04-05T00:01:30","modified_gmt":"2026-04-05T04:01:30","slug":"about","status":"publish","type":"page","link":"http:\/\/www.godleetikas.net\/es\/about\/","title":{"rendered":"Nosotros"},"content":{"rendered":"<div class=\"wpb-content-wrapper\"><div class=\"vc_row wpb_row vc_row-fluid vc_custom_1775361685815 wpex-vc_row-has-fill wpex-vc-reset-negative-margin\"><div class=\"wpb_column vc_column_container vc_col-sm-12\"><div class=\"vc_column-inner\"><div class=\"wpb_wrapper\">\n\t<div class=\"wpb_text_column wpb_content_element\" >\n\t\t<div class=\"wpb_wrapper\">\n\t\t\t<p style=\"text-align: center;\"><span style=\"font-size: 24px; font-family: 'Roboto Slab'; color: #ffffff;\">Somos una empresa dedicada a la provisi\u00f3n de productos para la nutrici\u00f3n y el cuidado del cuerpo. Nuestra misi\u00f3n es brindar soluciones naturales de la m\u00e1s alta calidad para ayudar a lograr una vida m\u00e1s sana y en equilibrio.<\/span><\/p>\n\n\t\t<\/div>\n\t<\/div>\n<\/div><\/div><\/div><\/div><div data-vc-full-width=\"true\" data-vc-full-width-init=\"false\" class=\"vc_row wpb_row vc_row-fluid vc_custom_1775361377609 wpex-vc_row-has-fill wpex-vc-row-stretched\"><div class=\"wpb_column vc_column_container vc_col-sm-12\"><div class=\"vc_column-inner\"><div class=\"wpb_wrapper\"><div class=\"vcex-spacing\" style=\"height:15px\"><\/div><div data-percent=\"82&#37;\" class=\"vcex-module vcex-skillbar clr  disable-box-shadow\"><div class=\"vcex-skillbar-title\" style=\"background:#94c176;\"><div class=\"vcex-skillbar-title-inner\">Servicio al cliente<\/div><\/div><div class=\"vcex-skillbar-bar\" style=\"background:#94c176;\"><div class=\"vcex-skill-bar-percent\">82&#37;<\/div><\/div><\/div><div class=\"vcex-spacing\" style=\"height:10px\"><\/div><div data-percent=\"92&#37;\" class=\"vcex-module vcex-skillbar clr  disable-box-shadow\"><div class=\"vcex-skillbar-title\" style=\"background:#94c176;\"><div class=\"vcex-skillbar-title-inner\">Proceso de reclamo<\/div><\/div><div class=\"vcex-skillbar-bar\" style=\"background:#94c176;\"><div class=\"vcex-skill-bar-percent\">92&#37;<\/div><\/div><\/div><div class=\"vcex-spacing\" style=\"height:10px\"><\/div><div data-percent=\"96&#37;\" class=\"vcex-module vcex-skillbar clr  disable-box-shadow\"><div class=\"vcex-skillbar-title\" style=\"background:#94c176;\"><div class=\"vcex-skillbar-title-inner\">Satisfaccion general<\/div><\/div><div class=\"vcex-skillbar-bar\" style=\"background:#94c176;\"><div class=\"vcex-skill-bar-percent\">96&#37;<\/div><\/div><\/div><\/div><\/div><\/div><\/div><div class=\"vc_row-full-width vc_clearfix\"><\/div><div data-vc-full-width=\"true\" data-vc-full-width-init=\"false\" class=\"vc_row wpb_row vc_row-fluid vc_custom_1775361564262 wpex-vc_row-has-fill wpex-vc-row-stretched\"><div class=\"wpb_column vc_column_container vc_col-sm-6\"><div class=\"vc_column-inner\"><div class=\"wpb_wrapper\">\n\t<div  class=\"wpb_single_image wpb_content_element vc_align_center wpb_content_element\">\n\t\t\n\t\t<figure class=\"wpb_wrapper vc_figure\">\n\t\t\t<div class=\"vc_single_image-wrapper   vc_box_border_grey\"><img decoding=\"async\" class=\"vc_single_image-img\" src=\"https:\/\/www.godleetikas.net\/newsite\/wp-content\/uploads\/2019\/04\/dr-lee-godleetikas-195x250.png\" width=\"195\" height=\"250\" alt=\"dr-lee-godleetikas\" title=\"dr-lee-godleetikas\" loading=\"lazy\" \/><\/div>\n\t\t<\/figure>\n\t<\/div>\n<\/div><\/div><\/div><div class=\"wpb_column vc_column_container vc_col-sm-6\"><div class=\"vc_column-inner\"><div class=\"wpb_wrapper\">\n\t<div class=\"wpb_text_column wpb_content_element\" >\n\t\t<div class=\"wpb_wrapper\">\n\t\t\t<p>La empresa fue fundada en el a\u00f1o <strong>1994<\/strong> por el reconocido y prestigioso nutricionista<strong> Dr. Rogelio Lee<\/strong>, quien se describi\u00f3 seg\u00fan sus propias palabras \u201cNo soy un hombre de negocios, hago esto (Godleetikas) por amor a la gente\u201d.<\/p>\n<p><strong>Dr. Lee<\/strong> dedic\u00f3 su vida al desarrollo de los <strong>suplementos Godleetikas \u00ae<\/strong> en respuesta a las necesidades que observo en sus pacientes. Durante todos esos a\u00f1os, cosech\u00f3 numerosos reconocimientos y elogios en todo el mundo como testimonio a su abundante trabajo altamente respetado y a las considerables contribuciones que ha hecho como nutricionista. Como afirmaba el Dr. Lee \u201dLa gente tan solo dice la verdad y comparte con otras personas lo que funciona para ellos\u201d.<\/p>\n\n\t\t<\/div>\n\t<\/div>\n<\/div><\/div><\/div><\/div><div class=\"vc_row-full-width vc_clearfix\"><\/div><div data-vc-full-width=\"true\" data-vc-full-width-init=\"false\" class=\"vc_row wpb_row vc_row-fluid vc_custom_1775361202124 wpex-vc_row-has-fill wpex-vc-row-stretched\"><div class=\"wpb_column vc_column_container vc_col-sm-6\"><div class=\"vc_column-inner\"><div class=\"wpb_wrapper\">\n\t<div style=\"color:#627948;\" class=\"wpb_text_column has-custom-color wpb_content_element\" >\n\t\t<div class=\"wpb_wrapper\">\n\t\t\t<p><strong>Hoy la empresa continua el legado del Dr. Lee a trav\u00e9s de productos tradicionales<\/strong>, que han sido esenciales para ayudar a una <strong>vida balanceada<\/strong>, como as\u00ed tambi\u00e9n de <strong>innovadores productos naturales<\/strong>\u00a0que han sido desarrollados m\u00e1s recientemente.<\/p>\n<p><strong>Godleetikas combina productos tradicionales con la constante b\u00fasqueda de productos innovadores<\/strong> para ayudar a alcanzar una soluci\u00f3n natural y efectiva a la necesidad de una vida equilibrada.<\/p>\n\n\t\t<\/div>\n\t<\/div>\n<\/div><\/div><\/div><div class=\"wpb_column vc_column_container vc_col-sm-6\"><div class=\"vc_column-inner\"><div class=\"wpb_wrapper\">\n\t<div  class=\"wpb_single_image wpb_content_element vc_align_ wpb_content_element\">\n\t\t\n\t\t<figure class=\"wpb_wrapper vc_figure\">\n\t\t\t<div class=\"vc_single_image-wrapper   vc_box_border_grey\"><img loading=\"lazy\" decoding=\"async\" width=\"800\" height=\"533\" src=\"https:\/\/www.godleetikas.net\/newsite\/wp-content\/uploads\/2026\/04\/godleetikas-fondo-scaled-e1775269089982.webp\" class=\"vc_single_image-img attachment-full\" alt=\"\" title=\"godleetikas-fondo\" \/><\/div>\n\t\t<\/figure>\n\t<\/div>\n<\/div><\/div><\/div><\/div><div class=\"vc_row-full-width vc_clearfix\"><\/div>\n<\/div>","protected":false},"excerpt":{"rendered":"We are a company dedicated to provide nutrition and body care products. Our mission is to offer the highest quality natural solutions to help achieve a healthier and more balanced life. Customer Service82&#37;Claim Process92&#37;Overall Satisfaction96&#37; The company was established in&hellip;","protected":false},"author":1,"featured_media":0,"parent":0,"menu_order":0,"comment_status":"closed","ping_status":"closed","template":"","meta":{"_acf_changed":false,"footnotes":""},"class_list":["post-357","page","type-page","status-publish","hentry","entry","no-media"],"acf":[],"_links":{"self":[{"href":"http:\/\/www.godleetikas.net\/es\/wp-json\/wp\/v2\/pages\/357","targetHints":{"allow":["GET"]}}],"collection":[{"href":"http:\/\/www.godleetikas.net\/es\/wp-json\/wp\/v2\/pages"}],"about":[{"href":"http:\/\/www.godleetikas.net\/es\/wp-json\/wp\/v2\/types\/page"}],"author":[{"embeddable":true,"href":"http:\/\/www.godleetikas.net\/es\/wp-json\/wp\/v2\/users\/1"}],"replies":[{"embeddable":true,"href":"http:\/\/www.godleetikas.net\/es\/wp-json\/wp\/v2\/comments?post=357"}],"version-history":[{"count":21,"href":"http:\/\/www.godleetikas.net\/es\/wp-json\/wp\/v2\/pages\/357\/revisions"}],"predecessor-version":[{"id":1632,"href":"http:\/\/www.godleetikas.net\/es\/wp-json\/wp\/v2\/pages\/357\/revisions\/1632"}],"wp:attachment":[{"href":"http:\/\/www.godleetikas.net\/es\/wp-json\/wp\/v2\/media?parent=357"}],"curies":[{"name":"wp","href":"https:\/\/api.w.org\/{rel}","templated":true}]}}